{"id":642,"date":"2022-08-09T15:26:45","date_gmt":"2022-08-09T15:26:45","guid":{"rendered":"https:\/\/autoitalia.ww4.ro\/ait58\/?page_id=642"},"modified":"2023-10-16T11:53:48","modified_gmt":"2023-10-16T08:53:48","slug":"accesorii-alfa-romeo","status":"publish","type":"page","link":"https:\/\/autoitalia.ww4.ro\/ait58\/alfa-romeo\/service\/accesorii-alfa-romeo\/","title":{"rendered":"Accesorii Alfa Romeo"},"content":{"rendered":"\n\t<section class=\"section\" id=\"section_1986001706\">\n\t\t<div class=\"bg section-bg fill bg-fill bg-loaded bg-loaded\" >\n\n\t\t\t\n\t\t\t\n\t\t\t\n\n\t\t<\/div>\n\n\t\t\n\n\t\t<div class=\"section-content relative\">\n\t\t\t\n\n\t<div id=\"gap-1003064057\" class=\"gap-element clearfix\" style=\"display:block; height:auto;\">\n\t\t\n<style>\n#gap-1003064057 {\n  padding-top: 50px;\n}\n<\/style>\n\t<\/div>\n\t\n\n  <div id=\"page-header-813652907\" class=\"page-header-wrapper\">\n  <div class=\"page-title light simple-title\">\n\n    \n    <div class=\"page-title-inner container align-center flex-row medium-flex-wrap\" >\n              <div class=\"title-wrapper uppercase flex-col text-left medium-text-center\">\n          <h1 class=\"entry-title mb-0\">\n            Accesorii Alfa Romeo          <\/h1>\n        <\/div>\n                    <div class=\"title-content flex-col flex-right text-right medium-text-center\">\n        <div class=\"title-breadcrumbs pb-half pt-half\"><\/div>      <\/div>\n    <\/div>\n\n       <\/div>\n    <\/div>\n  \n\n<div class=\"row\"  id=\"row-911596819\">\n\n\n\t<div id=\"col-1750939851\" class=\"col small-12 large-12\"  >\n\t\t\t\t<div class=\"col-inner\"  >\n\t\t\t\n\t\t\t\n\n<div class=\"is-divider divider clearfix\" style=\"margin-top:-0.4em;margin-bottom:-0.4em;max-width:40px;height:2px;background-color:rgb(144, 14, 14);\"><\/div>\n\n\n\t\t<\/div>\n\t\t\t\t\t<\/div>\n\n\t\n\n<\/div>\n<div class=\"row row-small\" style=\"max-width:1500px\" id=\"row-949760343\">\n\n\n\t<div id=\"col-965209298\" class=\"col small-12 large-12\"  >\n\t\t\t\t<div class=\"col-inner\"  >\n\t\t\t\n\t\t\t\n\n\t<div id=\"gap-1109366288\" class=\"gap-element clearfix\" style=\"display:block; height:auto;\">\n\t\t\n<style>\n#gap-1109366288 {\n  padding-top: 30px;\n}\n<\/style>\n\t<\/div>\n\t\n\n<p>Cau\u021bi un accesoriu pentru modelul t\u0103u Alfa Romeo?<\/p>\n<p>Poveste\u0219te-ne despre tine \u0219i autovehiculul t\u0103u iar noi \u00ee\u021bi vom recomanda accesoriile perfect adaptate modelul t\u0103u care \u00ee\u021bi vor pune cel mai bine \u00een valoare: silueta perfect\u0103, tehnologia de v\u00e2rf \u0219i performan\u021bele Alfa Romeo. Descopera gama completa de <a href=\"https:\/\/moparstore.autoitalia.ro\/accesorii-alfa-romeo.html\" target=\"_blank\" rel=\"noopener\"><u>accesorii Alfa Romeo<\/u><\/a> de la Mopar, pentru a crea un Alfa Romeo unic cu accesorii autentice!<\/p>\n\n\t\t<\/div>\n\t\t\t\t\t<\/div>\n\n\t\n\n<\/div>\n<div class=\"row align-middle\" style=\"max-width:1500px\" id=\"row-424349765\">\n\n\n\t<div id=\"col-789941447\" class=\"col medium-6 small-12 large-6\"  >\n\t\t\t\t<div class=\"col-inner\"  >\n\t\t\t\n\t\t\t\n\n<p>Exist\u0103 modelul  Stelvio Alfa Romeo. \u0218i exist\u0103 autovehiculul t\u0103u Stelvio Alfa Romeo. Eviden\u021biaz\u0103-te cu gama de accesorii originale Mopar special create pentru modelul t\u0103u Stelvio.<\/p>\n<p>R\u0103sfoie\u0219te catalogul de accesorii Stelvio \u0219i solicit\u0103 dealerului t\u0103u preferat Alfa Romeo detalii despre produsele alese.<\/p>\n<a rel=\"noopener noreferrer\" href=\"http:\/\/mopar-authentic-accessories.satiztpm.it\/stelvio\/uk\/6\/\" target=\"_blank\" class=\"button alert is-outline is-small\"  style=\"border-radius:10px;\">\n    <span>Catalog Accesorii Stelvio<\/span>\n  <i class=\"icon-angle-right\" aria-hidden=\"true\" ><\/i><\/a>\n\n\n\n\t\t<\/div>\n\t\t\t\t\t<\/div>\n\n\t\n\n\t<div id=\"col-328519209\" class=\"col medium-6 small-12 large-6 small-col-first\"  >\n\t\t\t\t<div class=\"col-inner\"  >\n\t\t\t\n\t\t\t\n\n\t<div class=\"img has-hover x md-x lg-x y md-y lg-y\" id=\"image_869529413\">\n\t\t\t\t\t\t\t\t<div class=\"img-inner dark\" >\n\t\t\t<img loading=\"lazy\" decoding=\"async\" width=\"760\" height=\"500\" src=\"https:\/\/autoitalia.ww4.ro\/ait58\/wp-content\/uploads\/2022\/08\/Stelvio-catalog-accesorii.jpg\" class=\"attachment-large size-large\" alt=\"\" srcset=\"https:\/\/autoitalia.ww4.ro\/ait58\/wp-content\/uploads\/2022\/08\/Stelvio-catalog-accesorii.jpg 760w, https:\/\/autoitalia.ww4.ro\/ait58\/wp-content\/uploads\/2022\/08\/Stelvio-catalog-accesorii-300x197.jpg 300w\" sizes=\"auto, (max-width: 760px) 100vw, 760px\" \/>\t\t\t\t\t\t\n\t\t\t\t\t<\/div>\n\t\t\t\t\t\t\t\t\n<style>\n#image_869529413 {\n  width: 100%;\n}\n<\/style>\n\t<\/div>\n\t\n\n\n\t\t<\/div>\n\t\t\t\t\t<\/div>\n\n\t\n\n<\/div>\n<div class=\"row align-middle\" style=\"max-width:1500px\" id=\"row-1485145024\">\n\n\n\t<div id=\"col-1706547047\" class=\"col medium-6 small-12 large-6 small-col-first\"  >\n\t\t\t\t<div class=\"col-inner\"  >\n\t\t\t\n\t\t\t\n\n\t<div class=\"img has-hover x md-x lg-x y md-y lg-y\" id=\"image_1086974255\">\n\t\t\t\t\t\t\t\t<div class=\"img-inner dark\" >\n\t\t\t<img loading=\"lazy\" decoding=\"async\" width=\"760\" height=\"500\" src=\"https:\/\/autoitalia.ww4.ro\/ait58\/wp-content\/uploads\/2022\/08\/Giulia-catalog-accesorii.jpg\" class=\"attachment-large size-large\" alt=\"\" srcset=\"https:\/\/autoitalia.ww4.ro\/ait58\/wp-content\/uploads\/2022\/08\/Giulia-catalog-accesorii.jpg 760w, https:\/\/autoitalia.ww4.ro\/ait58\/wp-content\/uploads\/2022\/08\/Giulia-catalog-accesorii-300x197.jpg 300w\" sizes=\"auto, (max-width: 760px) 100vw, 760px\" \/>\t\t\t\t\t\t\n\t\t\t\t\t<\/div>\n\t\t\t\t\t\t\t\t\n<style>\n#image_1086974255 {\n  width: 100%;\n}\n<\/style>\n\t<\/div>\n\t\n\n\n\t\t<\/div>\n\t\t\t\t\t<\/div>\n\n\t\n\n\t<div id=\"col-1044755075\" class=\"col medium-6 small-12 large-6\"  >\n\t\t\t\t<div class=\"col-inner\"  >\n\t\t\t\n\t\t\t\n\n<p>Pentru frumosul model Giulia, <a href=\"https:\/\/moparstore.autoitalia.ro\/accesorii-alfa-romeo.html\" target=\"_blank\" rel=\"noopener\">produc\u0103torul Mopar<\/a> a dezvoltat o gam\u0103 variat\u0103 de accesorii care s\u0103 satisfac\u0103 gustul rafinat al oric\u0103rui pasionat Alfa Romeo.<\/p>\n<p>Dac\u0103 dore\u0219ti o personalizare distinct\u0103 la exterior po\u021bi opta de exemplu pentru: gril\u0103 de carbon, kit de capace ventil cu logo Alfa , <a href=\"https:\/\/moparstore.autoitalia.ro\/personalizare-auto-exterior-alfa-romeo.html?model_auto=245\" target=\"_blank\" rel=\"noopener\">capac rezervor Giulia<\/a> personalizat cu logo Alfa Romeo, carcase oglinzi retrovizoare mate, spoiler din fibr\u0103 carbon, <a href=\"https:\/\/moparstore.autoitalia.ro\/jante-si-capace-jante-alfa-romeo.html?model_auto=591\" target=\"_blank\" rel=\"noopener\">jante de aliaj<\/a> .<\/p>\n<p>Dac\u0103 te g\u00e2nde\u0219ti la o personalizare a habitaclului po\u021bi \u00eencepe prin alegerea unui set de proiectoare luminoase cu lumin\u0103 alb\u0103 cu logo Alfa Romeo pentru portier\u0103, inser\u021bie din fibr\u0103 carbon pentru cutia de vitez\u0103 automat\u0103, suport de tetier\u0103 pentru tablet\u0103 sau a unui de kit pedale sport.<\/p>\n<p>Totodat\u0103 po\u021bi alege accesorii pentru Giulia care s\u0103 \u00ee\u021bi ofere mai mult confort, mai mult\u0103 spa\u021biu de depozitare. Descoper\u0103 \u00eentreaga gam\u0103 de accesorii \u00een catalogul dedicat modelului Giulia Alfa Romeo .<\/p>\n<a rel=\"noopener noreferrer\" href=\"http:\/\/mopar-authentic-accessories.satiztpm.it\/giulia\/uk\/\" target=\"_blank\" class=\"button alert is-outline is-small\"  style=\"border-radius:10px;\">\n    <span>Catalog Accesorii Giulia<\/span>\n  <i class=\"icon-angle-right\" aria-hidden=\"true\" ><\/i><\/a>\n\n\n\n\t\t<\/div>\n\t\t\t\t\t<\/div>\n\n\t\n\n<\/div>\n<div class=\"row align-middle\" style=\"max-width:1500px\" id=\"row-1792560152\">\n\n\n\t<div id=\"col-591913252\" class=\"col medium-6 small-12 large-6\"  >\n\t\t\t\t<div class=\"col-inner\"  >\n\t\t\t\n\t\t\t\n\n<p>Pune \u00een valoare elegan\u021ba italian\u0103 a modelului Giulietta cu accesoriile originale Alfa Romeo.<\/p>\n<p>Cre\u0219te gradul de comfort la volanul autovehiculului t\u0103u Giulietta prin alegerea de <a href=\"https:\/\/moparstore.autoitalia.ro\/accesorii-cu-transport-pe-plafon-alfa-romeo.html?model_auto=256\" target=\"_blank\" rel=\"noopener\">accesorii originale<\/a> precum: organizatorul de portbagaj, covora\u0219ele de cauciuc, deflectoare de aer \u0219i parasolare. Adaug\u0103 bare transversale pe barele logitudinale \u0219i monteaza suportul pentru bicicleta pentru o nou\u0103 aventur\u0103 \u00een natur\u0103.<\/p>\n<p>Consult\u0103 catalogul de accesorii Giulietta \u0219i alege accesoriile care se potrivesc stilului t\u0103u.<\/p>\n<a rel=\"noopener noreferrer\" href=\"http:\/\/mopar-authentic-accessories.satiztpm.it\/giulietta\/uk\/\" target=\"_blank\" class=\"button alert is-outline is-small\"  style=\"border-radius:10px;\">\n    <span>Catalog Accesorii Giulietta<\/span>\n  <i class=\"icon-angle-right\" aria-hidden=\"true\" ><\/i><\/a>\n\n\n\n\t\t<\/div>\n\t\t\t\t\t<\/div>\n\n\t\n\n\t<div id=\"col-1588724085\" class=\"col medium-6 small-12 large-6 small-col-first\"  >\n\t\t\t\t<div class=\"col-inner\"  >\n\t\t\t\n\t\t\t\n\n\t<div class=\"img has-hover x md-x lg-x y md-y lg-y\" id=\"image_224287769\">\n\t\t\t\t\t\t\t\t<div class=\"img-inner dark\" >\n\t\t\t<img loading=\"lazy\" decoding=\"async\" width=\"760\" height=\"500\" src=\"https:\/\/autoitalia.ww4.ro\/ait58\/wp-content\/uploads\/2022\/08\/Giulietta-catalog-accesorii.jpg\" class=\"attachment-large size-large\" alt=\"\" srcset=\"https:\/\/autoitalia.ww4.ro\/ait58\/wp-content\/uploads\/2022\/08\/Giulietta-catalog-accesorii.jpg 760w, https:\/\/autoitalia.ww4.ro\/ait58\/wp-content\/uploads\/2022\/08\/Giulietta-catalog-accesorii-300x197.jpg 300w\" sizes=\"auto, (max-width: 760px) 100vw, 760px\" \/>\t\t\t\t\t\t\n\t\t\t\t\t<\/div>\n\t\t\t\t\t\t\t\t\n<style>\n#image_224287769 {\n  width: 100%;\n}\n<\/style>\n\t<\/div>\n\t\n\n\n\t\t<\/div>\n\t\t\t\t\t<\/div>\n\n\t\n\n<\/div>\n\n\t\t<\/div>\n\n\t\t\n<style>\n#section_1986001706 {\n  padding-top: 10px;\n  padding-bottom: 10px;\n}\n<\/style>\n\t<\/section>\n\t\n\n","protected":false},"excerpt":{"rendered":"","protected":false},"author":1,"featured_media":0,"parent":640,"menu_order":0,"comment_status":"closed","ping_status":"closed","template":"page-blank-landingpage.php","meta":{"footnotes":""},"class_list":["post-642","page","type-page","status-publish","hentry"],"_links":{"self":[{"href":"https:\/\/autoitalia.ww4.ro\/ait58\/wp-json\/wp\/v2\/pages\/642","targetHints":{"allow":["GET"]}}],"collection":[{"href":"https:\/\/autoitalia.ww4.ro\/ait58\/wp-json\/wp\/v2\/pages"}],"about":[{"href":"https:\/\/autoitalia.ww4.ro\/ait58\/wp-json\/wp\/v2\/types\/page"}],"author":[{"embeddable":true,"href":"https:\/\/autoitalia.ww4.ro\/ait58\/wp-json\/wp\/v2\/users\/1"}],"replies":[{"embeddable":true,"href":"https:\/\/autoitalia.ww4.ro\/ait58\/wp-json\/wp\/v2\/comments?post=642"}],"version-history":[{"count":46,"href":"https:\/\/autoitalia.ww4.ro\/ait58\/wp-json\/wp\/v2\/pages\/642\/revisions"}],"predecessor-version":[{"id":1744,"href":"https:\/\/autoitalia.ww4.ro\/ait58\/wp-json\/wp\/v2\/pages\/642\/revisions\/1744"}],"up":[{"embeddable":true,"href":"https:\/\/autoitalia.ww4.ro\/ait58\/wp-json\/wp\/v2\/pages\/640"}],"wp:attachment":[{"href":"https:\/\/autoitalia.ww4.ro\/ait58\/wp-json\/wp\/v2\/media?parent=642"}],"curies":[{"name":"wp","href":"https:\/\/api.w.org\/{rel}","templated":true}]}}